{"id":2958,"date":"2024-03-29T22:20:28","date_gmt":"2024-03-29T15:20:28","guid":{"rendered":"https:\/\/kientrucduongdai.com\/?post_type=product&#038;p=2958"},"modified":"2026-04-12T11:47:01","modified_gmt":"2026-04-12T04:47:01","slug":"hoa-binh-villa","status":"publish","type":"product","link":"https:\/\/kientrucduongdai.com\/?product=hoa-binh-villa","title":{"rendered":"H\u00f2a B\u00ecnh Villa"},"content":{"rendered":"<p>C\u0103n bi\u1ec7t th\u1ef1 ngh\u1ec9 d\u01b0\u1ee1ng gi\u1eefa ch\u1ed1n n\u00fai r\u1eebng L\u01b0\u01a1ng S\u01a1n &#8211; H\u00f2a B\u00ecnh. N\u01a1i g\u1eafn k\u1ebft nh\u1eefng th\u00e0nh vi\u00ean trong gia \u0111\u00ecnh. Ch\u1eefa l\u00e0nh v\u00e0 ph\u1ee5c h\u1ed3i n\u0103ng l\u01b0\u1ee3ng s\u1ed1ng. Thi\u1ebft k\u1ebf mang \u0111\u1ebfn nh\u1eefng x\u00fac c\u1ea3m tinh t\u1ebf trong t\u1eebng g\u00f3c nh\u1ecf c\u1ee7a kh\u00f4ng gian<\/p>\n","protected":false},"excerpt":{"rendered":"<p>C\u0103n bi\u1ec7t th\u1ef1 ngh\u1ec9 d\u01b0\u1ee1ng gi\u1eefa ch\u1ed1n n\u00fai r\u1eebng L\u01b0\u01a1ng S\u01a1n &#8211; H\u00f2a B\u00ecnh. N\u01a1i g\u1eafn k\u1ebft nh\u1eefng th\u00e0nh vi\u00ean trong gia \u0111\u00ecnh. Ch\u1eefa l\u00e0nh v\u00e0 ph\u1ee5c h\u1ed3i n\u0103ng l\u01b0\u1ee3ng s\u1ed1ng. Thi\u1ebft k\u1ebf mang \u0111\u1ebfn nh\u1eefng x\u00fac c\u1ea3m tinh t\u1ebf trong t\u1eebng g\u00f3c nh\u1ecf c\u1ee7a kh\u00f4ng gian<\/p>\n","protected":false},"featured_media":2960,"template":"","meta":[],"product_brand":[],"product_cat":[79,77,78],"product_tag":[],"class_list":{"0":"post-2958","1":"product","2":"type-product","3":"status-publish","4":"has-post-thumbnail","6":"product_cat-canh-quan","7":"product_cat-kien-truc","8":"product_cat-noi-that","10":"first","11":"instock","12":"shipping-taxable","13":"product-type-simple"},"_links":{"self":[{"href":"https:\/\/kientrucduongdai.com\/index.php?rest_route=\/wp\/v2\/product\/2958","targetHints":{"allow":["GET"]}}],"collection":[{"href":"https:\/\/kientrucduongdai.com\/index.php?rest_route=\/wp\/v2\/product"}],"about":[{"href":"https:\/\/kientrucduongdai.com\/index.php?rest_route=\/wp\/v2\/types\/product"}],"wp:featuredmedia":[{"embeddable":true,"href":"https:\/\/kientrucduongdai.com\/index.php?rest_route=\/wp\/v2\/media\/2960"}],"wp:attachment":[{"href":"https:\/\/kientrucduongdai.com\/index.php?rest_route=%2Fwp%2Fv2%2Fmedia&parent=2958"}],"wp:term":[{"taxonomy":"product_brand","embeddable":true,"href":"https:\/\/kientrucduongdai.com\/index.php?rest_route=%2Fwp%2Fv2%2Fproduct_brand&post=2958"},{"taxonomy":"product_cat","embeddable":true,"href":"https:\/\/kientrucduongdai.com\/index.php?rest_route=%2Fwp%2Fv2%2Fproduct_cat&post=2958"},{"taxonomy":"product_tag","embeddable":true,"href":"https:\/\/kientrucduongdai.com\/index.php?rest_route=%2Fwp%2Fv2%2Fproduct_tag&post=2958"}],"curies":[{"name":"wp","href":"https:\/\/api.w.org\/{rel}","templated":true}]}}