{"id":3053,"date":"2024-03-30T19:23:22","date_gmt":"2024-03-30T12:23:22","guid":{"rendered":"https:\/\/kientrucduongdai.com\/?post_type=product&#038;p=3053"},"modified":"2024-03-30T19:23:22","modified_gmt":"2024-03-30T12:23:22","slug":"thanh-chuong-house","status":"publish","type":"product","link":"https:\/\/kientrucduongdai.com\/?product=thanh-chuong-house","title":{"rendered":"Thanh Ch\u01b0\u01a1ng House"},"content":{"rendered":"<p>Ng\u00f4i nh\u00e0 hi\u1ec7n \u0111\u1ea1i n\u1eb1m gi\u1eefa v\u00f9ng \u0111\u1ed3i n\u00fai Thanh Ch\u01b0\u01a1ng &#8211; Ngh\u00ea An.\u00a0 Thi\u1ebft k\u1ebf hi\u1ec7n \u0111\u1ea1i th\u1ec3 hi\u1ec7n r\u00f5 c\u00e1 t\u00ednh c\u1ee7a ch\u1ee7 nh\u00e2n ng\u00f4i nh\u00e0.<\/p>\n<p>Nh\u1eefng m\u1ea3ng k\u00ednh l\u1edbn \u0111\u01b0a thi\u00ean nhi\u00ean v\u00e0o s\u00e2u trong ph\u00f2ng kh\u00e1ch, ph\u00f2ng \u0103n ph\u00f2ng b\u1ebfp. Ng\u00f4i nh\u00e0 lu\u00f4n tr\u00e0n \u0111\u1ea7y \u00e1nh s\u00e1ng v\u00e0 n\u0103ng l\u01b0\u1ee3ng s\u1ed1ng<\/p>\n<p>L\u1ed1i ki\u1ebfn tr\u00fac hi\u1ec7n \u0111\u1ea1i c\u0169ng gi\u00fap ti\u1ebft ki\u1ec7m \u0111\u01b0\u1ee3c nhi\u1ec1u chi ph\u00ed \u0111\u1ea7u t\u01b0 cho c\u00f4ng tr\u00ecnh.<\/p>\n<p>\u0110\u1ecba ch\u1ec9: Thanh Ch\u01b0\u01a1ng &#8211; Ngh\u1ec7 An<\/p>\n<p>N\u0103m th\u1ef1c hi\u1ec7n: 2022<\/p>\n<p>&nbsp;<\/p>\n","protected":false},"excerpt":{"rendered":"<p>Ng\u00f4i nh\u00e0 hi\u1ec7n \u0111\u1ea1i n\u1eb1m gi\u1eefa v\u00f9ng \u0111\u1ed3i n\u00fai Thanh Ch\u01b0\u01a1ng &#8211; Ngh\u00ea An.\u00a0 Thi\u1ebft k\u1ebf hi\u1ec7n \u0111\u1ea1i th\u1ec3 hi\u1ec7n r\u00f5 c\u00e1 t\u00ednh c\u1ee7a ch\u1ee7 nh\u00e2n ng\u00f4i nh\u00e0. Nh\u1eefng m\u1ea3ng k\u00ednh l\u1edbn \u0111\u01b0a thi\u00ean nhi\u00ean v\u00e0o s\u00e2u trong ph\u00f2ng kh\u00e1ch, ph\u00f2ng \u0103n ph\u00f2ng b\u1ebfp. Ng\u00f4i nh\u00e0 lu\u00f4n tr\u00e0n \u0111\u1ea7y \u00e1nh s\u00e1ng v\u00e0 n\u0103ng l\u01b0\u1ee3ng s\u1ed1ng [&#8230;]\n","protected":false},"featured_media":3054,"template":"","meta":[],"product_brand":[],"product_cat":[77],"product_tag":[],"class_list":{"0":"post-3053","1":"product","2":"type-product","3":"status-publish","4":"has-post-thumbnail","6":"product_cat-kien-truc","8":"first","9":"instock","10":"shipping-taxable","11":"product-type-simple"},"_links":{"self":[{"href":"https:\/\/kientrucduongdai.com\/index.php?rest_route=\/wp\/v2\/product\/3053","targetHints":{"allow":["GET"]}}],"collection":[{"href":"https:\/\/kientrucduongdai.com\/index.php?rest_route=\/wp\/v2\/product"}],"about":[{"href":"https:\/\/kientrucduongdai.com\/index.php?rest_route=\/wp\/v2\/types\/product"}],"wp:featuredmedia":[{"embeddable":true,"href":"https:\/\/kientrucduongdai.com\/index.php?rest_route=\/wp\/v2\/media\/3054"}],"wp:attachment":[{"href":"https:\/\/kientrucduongdai.com\/index.php?rest_route=%2Fwp%2Fv2%2Fmedia&parent=3053"}],"wp:term":[{"taxonomy":"product_brand","embeddable":true,"href":"https:\/\/kientrucduongdai.com\/index.php?rest_route=%2Fwp%2Fv2%2Fproduct_brand&post=3053"},{"taxonomy":"product_cat","embeddable":true,"href":"https:\/\/kientrucduongdai.com\/index.php?rest_route=%2Fwp%2Fv2%2Fproduct_cat&post=3053"},{"taxonomy":"product_tag","embeddable":true,"href":"https:\/\/kientrucduongdai.com\/index.php?rest_route=%2Fwp%2Fv2%2Fproduct_tag&post=3053"}],"curies":[{"name":"wp","href":"https:\/\/api.w.org\/{rel}","templated":true}]}}