{"id":3110,"date":"2024-03-30T21:00:26","date_gmt":"2024-03-30T14:00:26","guid":{"rendered":"https:\/\/kientrucduongdai.com\/?post_type=product&#038;p=3110"},"modified":"2026-04-11T19:00:20","modified_gmt":"2026-04-11T12:00:20","slug":"hdi-vu-pham-ham","status":"publish","type":"product","link":"https:\/\/kientrucduongdai.com\/?product=hdi-vu-pham-ham","title":{"rendered":"No45 HDI V\u0169 Ph\u1ea1m H\u00e0m"},"content":{"rendered":"","protected":false},"excerpt":{"rendered":"<p>M\u1ed9t d\u1ef1 \u00e1n nh\u00e0 \u1edf t\u1ea1i n\u1ed9i \u0111\u00f4 H\u00e0 N\u00f4i, n\u01a1i thi\u1ebft k\u1ebf mang \u0111\u1ebfn c\u1ea3m gi\u00e1c g\u1ea7n g\u0169i d\u1ec5 ch\u1ecbu cho b\u1ed1 m\u1eb9 v\u00e0 c\u00e1c con g\u00e1i. Nh\u1eefng ng\u01b0\u1eddi y\u00eau thi\u00ean nhi\u00ean v\u00e0 mu\u1ed1n t\u00ecm v\u1ec1 v\u1edbi c\u1ed9i ngu\u1ed3n<\/p>\n","protected":false},"featured_media":3112,"template":"","meta":[],"product_brand":[],"product_cat":[77,78],"product_tag":[],"class_list":{"0":"post-3110","1":"product","2":"type-product","3":"status-publish","4":"has-post-thumbnail","6":"product_cat-kien-truc","7":"product_cat-noi-that","9":"first","10":"instock","11":"shipping-taxable","12":"product-type-simple"},"_links":{"self":[{"href":"https:\/\/kientrucduongdai.com\/index.php?rest_route=\/wp\/v2\/product\/3110","targetHints":{"allow":["GET"]}}],"collection":[{"href":"https:\/\/kientrucduongdai.com\/index.php?rest_route=\/wp\/v2\/product"}],"about":[{"href":"https:\/\/kientrucduongdai.com\/index.php?rest_route=\/wp\/v2\/types\/product"}],"wp:featuredmedia":[{"embeddable":true,"href":"https:\/\/kientrucduongdai.com\/index.php?rest_route=\/wp\/v2\/media\/3112"}],"wp:attachment":[{"href":"https:\/\/kientrucduongdai.com\/index.php?rest_route=%2Fwp%2Fv2%2Fmedia&parent=3110"}],"wp:term":[{"taxonomy":"product_brand","embeddable":true,"href":"https:\/\/kientrucduongdai.com\/index.php?rest_route=%2Fwp%2Fv2%2Fproduct_brand&post=3110"},{"taxonomy":"product_cat","embeddable":true,"href":"https:\/\/kientrucduongdai.com\/index.php?rest_route=%2Fwp%2Fv2%2Fproduct_cat&post=3110"},{"taxonomy":"product_tag","embeddable":true,"href":"https:\/\/kientrucduongdai.com\/index.php?rest_route=%2Fwp%2Fv2%2Fproduct_tag&post=3110"}],"curies":[{"name":"wp","href":"https:\/\/api.w.org\/{rel}","templated":true}]}}