{"id":3354,"date":"2026-04-11T19:27:40","date_gmt":"2026-04-11T12:27:40","guid":{"rendered":"https:\/\/kientrucduongdai.com\/?post_type=product&#038;p=3354"},"modified":"2026-04-12T18:49:26","modified_gmt":"2026-04-12T11:49:26","slug":"nha-tho-ho-tb","status":"publish","type":"product","link":"https:\/\/kientrucduongdai.com\/?product=nha-tho-ho-tb","title":{"rendered":"Nh\u00e0 th\u1edd h\u1ecd TB"},"content":{"rendered":"<p>M\u1ed9t d\u1ef1 \u00e1n nh\u00e0 th\u1edd h\u1ecd \u1edf Th\u00e1i B\u00ecnh<\/p>\n<p>Kh\u00e1c v\u1edbi nh\u1eefng d\u1ea1ng nh\u00e0 th\u1edd h\u1ecd truy\u1ec1n th\u1ed1ng, l\u1ed1i ki\u1ebfn tr\u00fac \u0111\u01b0\u01a1ng \u0111\u1ea1i \u0111\u01b0\u1ee3c s\u1eed d\u1ee5ng \u0111\u1ec3 t\u1eadn d\u1ee5ng t\u1ed1i \u0111a h\u00ecnh th\u00e1i c\u1ee7a khu \u0111\u1ea5t, Ngo\u00e0i vi\u1ec7c \u0111\u00e1p \u1ee9ng y\u00eau c\u1ea7u v\u1ec1 c\u00f4ng n\u0103ng s\u1eed d\u1ee5ng, C\u00f4ng tr\u00ecnh c\u00f2n c\u00f3 gi\u00e1 tr\u1ecb nh\u01b0 m\u1ed9t \u0111i\u1ec3m nh\u1ea5n v\u1ec1 th\u1ecb gi\u00e1c khi \u0111\u1eb7t trong b\u1ed1i c\u1ea3nh l\u00e0ng qu\u00ea trong th\u1eddi k\u00ec \u0111\u1ed5i m\u1edbi v\u00e0 ph\u00e1t tri\u1ec3n<\/p>\n","protected":false},"excerpt":{"rendered":"<p>M\u1ed9t d\u1ef1 \u00e1n nh\u00e0 th\u1edd h\u1ecd \u1edf Th\u00e1i B\u00ecnh Kh\u00e1c v\u1edbi nh\u1eefng d\u1ea1ng nh\u00e0 th\u1edd h\u1ecd truy\u1ec1n th\u1ed1ng, l\u1ed1i ki\u1ebfn tr\u00fac \u0111\u01b0\u01a1ng \u0111\u1ea1i \u0111\u01b0\u1ee3c s\u1eed d\u1ee5ng \u0111\u1ec3 t\u1eadn d\u1ee5ng t\u1ed1i \u0111a h\u00ecnh th\u00e1i c\u1ee7a khu \u0111\u1ea5t, Ngo\u00e0i vi\u1ec7c \u0111\u00e1p \u1ee9ng y\u00eau c\u1ea7u v\u1ec1 c\u00f4ng n\u0103ng s\u1eed d\u1ee5ng, C\u00f4ng tr\u00ecnh c\u00f2n c\u00f3 gi\u00e1 tr\u1ecb nh\u01b0 m\u1ed9t [&#8230;]\n","protected":false},"featured_media":3355,"template":"","meta":[],"product_brand":[],"product_cat":[77],"product_tag":[],"class_list":{"0":"post-3354","1":"product","2":"type-product","3":"status-publish","4":"has-post-thumbnail","6":"product_cat-kien-truc","8":"first","9":"instock","10":"shipping-taxable","11":"product-type-simple"},"_links":{"self":[{"href":"https:\/\/kientrucduongdai.com\/index.php?rest_route=\/wp\/v2\/product\/3354","targetHints":{"allow":["GET"]}}],"collection":[{"href":"https:\/\/kientrucduongdai.com\/index.php?rest_route=\/wp\/v2\/product"}],"about":[{"href":"https:\/\/kientrucduongdai.com\/index.php?rest_route=\/wp\/v2\/types\/product"}],"wp:featuredmedia":[{"embeddable":true,"href":"https:\/\/kientrucduongdai.com\/index.php?rest_route=\/wp\/v2\/media\/3355"}],"wp:attachment":[{"href":"https:\/\/kientrucduongdai.com\/index.php?rest_route=%2Fwp%2Fv2%2Fmedia&parent=3354"}],"wp:term":[{"taxonomy":"product_brand","embeddable":true,"href":"https:\/\/kientrucduongdai.com\/index.php?rest_route=%2Fwp%2Fv2%2Fproduct_brand&post=3354"},{"taxonomy":"product_cat","embeddable":true,"href":"https:\/\/kientrucduongdai.com\/index.php?rest_route=%2Fwp%2Fv2%2Fproduct_cat&post=3354"},{"taxonomy":"product_tag","embeddable":true,"href":"https:\/\/kientrucduongdai.com\/index.php?rest_route=%2Fwp%2Fv2%2Fproduct_tag&post=3354"}],"curies":[{"name":"wp","href":"https:\/\/api.w.org\/{rel}","templated":true}]}}