{"id":3378,"date":"2026-04-15T15:38:54","date_gmt":"2026-04-15T08:38:54","guid":{"rendered":"https:\/\/kientrucduongdai.com\/?post_type=product&#038;p=3378"},"modified":"2026-04-15T15:41:17","modified_gmt":"2026-04-15T08:41:17","slug":"lang-du-lich-bach-duong","status":"publish","type":"product","link":"https:\/\/kientrucduongdai.com\/?product=lang-du-lich-bach-duong","title":{"rendered":"L\u00e0ng du l\u1ecbch B\u1ea1ch D\u01b0\u01a1ng"},"content":{"rendered":"<p><strong>D\u1ef1 \u00e1n : L\u00e0ng du l\u1ecbch B\u1ea1ch D\u01b0\u01a1ng<\/strong><\/p>\n<p>N\u0103m thi\u1ebft k\u1ebf: 2017<\/p>\n<p>M\u1ed9t d\u1ef1 \u00e1n du l\u1ecbch sinh th\u00e1i t\u1ea1i h\u1ed3 Tuy\u1ec1n L\u00e2m- \u0110\u00e0 Lat<\/p>\n<p>Phong c\u00e1ch thi\u1ebft k\u1ebf k\u1ebft h\u1ee3p gi\u1eefa v\u0103n h\u00f3a Nga v\u00e0 c\u00e1c d\u1ea5u \u1ea5n v\u0103n h\u00f3a b\u1ea3n \u0111\u1ecba. D\u1ef1 \u00e1n k\u00ec v\u1ecdng mang t\u1edbi m\u1ed9t \u0111i\u1ec3m du l\u1ecbch, ngh\u1ec9 d\u01b0\u1ee1ng cho du kh\u00e1ch Vi\u1ec7t v\u00e0 n\u01b0\u1edbc ngo\u00e0i t\u1ea1i khu v\u1ef1c ph\u00eda Nam \u0111\u1ea5t n\u01b0\u1edbc<\/p>\n","protected":false},"excerpt":{"rendered":"<p><strong>D\u1ef1 \u00e1n : L\u00e0ng du l\u1ecbch B\u1ea1ch D\u01b0\u01a1ng<\/strong><\/p>\n<p>N\u0103m thi\u1ebft k\u1ebf: 2017<\/p>\n<p>M\u1ed9t d\u1ef1 \u00e1n du l\u1ecbch sinh th\u00e1i t\u1ea1i h\u1ed3 Tuy\u1ec1n L\u00e2m- \u0110\u00e0 Lat<\/p>\n<p>Phong c\u00e1ch thi\u1ebft k\u1ebf k\u1ebft h\u1ee3p gi\u1eefa v\u0103n h\u00f3a Nga v\u00e0 c\u00e1c d\u1ea5u \u1ea5n v\u0103n h\u00f3a b\u1ea3n \u0111\u1ecba. D\u1ef1 \u00e1n k\u00ec v\u1ecdng mang t\u1edbi m\u1ed9t \u0111i\u1ec3m du l\u1ecbch, ngh\u1ec9 d\u01b0\u1ee1ng cho du kh\u00e1ch Vi\u1ec7t v\u00e0 n\u01b0\u1edbc ngo\u00e0i t\u1ea1i khu v\u1ef1c ph\u00eda Nam \u0111\u1ea5t n\u01b0\u1edbc<\/p>\n","protected":false},"featured_media":3379,"template":"","meta":[],"product_brand":[],"product_cat":[79],"product_tag":[],"class_list":{"0":"post-3378","1":"product","2":"type-product","3":"status-publish","4":"has-post-thumbnail","6":"product_cat-canh-quan","8":"first","9":"instock","10":"shipping-taxable","11":"product-type-simple"},"_links":{"self":[{"href":"https:\/\/kientrucduongdai.com\/index.php?rest_route=\/wp\/v2\/product\/3378","targetHints":{"allow":["GET"]}}],"collection":[{"href":"https:\/\/kientrucduongdai.com\/index.php?rest_route=\/wp\/v2\/product"}],"about":[{"href":"https:\/\/kientrucduongdai.com\/index.php?rest_route=\/wp\/v2\/types\/product"}],"wp:featuredmedia":[{"embeddable":true,"href":"https:\/\/kientrucduongdai.com\/index.php?rest_route=\/wp\/v2\/media\/3379"}],"wp:attachment":[{"href":"https:\/\/kientrucduongdai.com\/index.php?rest_route=%2Fwp%2Fv2%2Fmedia&parent=3378"}],"wp:term":[{"taxonomy":"product_brand","embeddable":true,"href":"https:\/\/kientrucduongdai.com\/index.php?rest_route=%2Fwp%2Fv2%2Fproduct_brand&post=3378"},{"taxonomy":"product_cat","embeddable":true,"href":"https:\/\/kientrucduongdai.com\/index.php?rest_route=%2Fwp%2Fv2%2Fproduct_cat&post=3378"},{"taxonomy":"product_tag","embeddable":true,"href":"https:\/\/kientrucduongdai.com\/index.php?rest_route=%2Fwp%2Fv2%2Fproduct_tag&post=3378"}],"curies":[{"name":"wp","href":"https:\/\/api.w.org\/{rel}","templated":true}]}}